{"id":6786,"date":"2018-07-16T10:58:48","date_gmt":"2018-07-16T10:58:48","guid":{"rendered":"http:\/\/www.carr.de\/wp-TCarr\/?page_id=6786"},"modified":"2018-11-26T23:10:12","modified_gmt":"2018-11-26T23:10:12","slug":"privacy-policy","status":"publish","type":"page","link":"https:\/\/www.carr.de\/de\/privacy-policy\/","title":{"rendered":"Datenschutzerkl\u00e4rung"},"content":{"rendered":"<p><strong>Datenschutzerkl\u00e4rung<\/strong><\/p>\n<p><strong>Datenschutz<\/strong><\/p>\n<p>Die Betreiber dieser Seiten nehmen den Schutz Ihrer pers\u00f6nlichen Daten sehr ernst. Wir behandeln Ihre\u00a0personenbezogenen Daten vertraulich und entsprechend der gesetzlichen Datenschutzvorschriften sowie\u00a0dieser Datenschutzerkl\u00e4rung.\u00a0Die Nutzung unserer Webseite ist in der Regel ohne Angabe personenbezogener Daten m\u00f6glich. Soweit\u00a0auf unseren Seiten personenbezogene Daten (beispielsweise Name, Anschrift oder E-Mail-Adressen)\u00a0erhoben werden, erfolgt dies, soweit m\u00f6glich, stets auf freiwilliger Basis. Diese Daten werden ohne Ihre\u00a0ausdr\u00fcckliche Zustimmung nicht an Dritte weitergegeben.\u00a0Wir weisen darauf hin, dass die Daten\u00fcbertragung im Internet (z.B. bei der Kommunikation per E-Mail)\u00a0Sicherheitsl\u00fccken aufweisen kann. Ein l\u00fcckenloser Schutz der Daten vor dem Zugriff durch Dritte ist nicht\u00a0m\u00f6glich.<\/p>\n<p><strong>Cookies<\/strong><\/p>\n<p>Die Internetseiten verwenden teilweise so genannte Cookies. Cookies richten auf Ihrem Rechner keinen\u00a0Schaden an und enthalten keine Viren. Cookies dienen dazu, unser Angebot nutzerfreundlicher, effektiver\u00a0und sicherer zu machen. Cookies sind kleine Textdateien, die auf Ihrem Rechner abgelegt werden und\u00a0die Ihr Browser speichert.\u00a0Die meisten der von uns verwendeten Cookies sind so genannte \u201eSession-Cookies\u201c. Sie werden nach\u00a0Ende Ihres Besuchs automatisch gel\u00f6scht. Andere Cookies bleiben auf Ihrem Endger\u00e4t gespeichert, bis\u00a0Sie diese l\u00f6schen. Diese Cookies erm\u00f6glichen es uns, Ihren Browser beim n\u00e4chsten Besuch\u00a0wiederzuerkennen.<\/p>\n<p>Sie k\u00f6nnen Ihren Browser so einstellen, dass Sie \u00fcber das Setzen von Cookies informiert werden und\u00a0Cookies nur im Einzelfall erlauben, die Annahme von Cookies f\u00fcr bestimmte F\u00e4lle oder generell\u00a0ausschlie\u00dfen sowie das automatische L\u00f6schen der Cookies beim Schlie\u00dfen des Browser aktivieren. Bei\u00a0der Deaktivierung von Cookies kann die Funktionalit\u00e4t dieser Website eingeschr\u00e4nkt sein.<\/p>\n<p><strong>Datenschutzerkl\u00e4rung f\u00fcr die Nutzung von Instagram<\/strong><\/p>\n<p>Auf unseren Seiten sind m\u00f6glicherweise Funktionen des Dienstes Instagram eingebunden. Diese Funktionen werden\u00a0angeboten durch die Instagram Inc., 1601 Willow Road, Menlo Park, CA, 94025, USA integriert. Wenn Sie\u00a0in Ihrem Instagram-Account eingeloggt sind k\u00f6nnen Sie durch Anklicken des Instagram-Buttons die\u00a0Inhalte unserer Seiten mit Ihrem Instagram-Profil verlinken. Dadurch kann Instagram den Besuch unserer\u00a0Seiten Ihrem Benutzerkonto zuordnen. Wir weisen darauf hin, dass wir als Anbieter der Seiten keine\u00a0Kenntnis vom Inhalt der \u00fcbermittelten Daten sowie deren Nutzung durch Instagram erhalten.<\/p>\n<p>Weitere Informationen hierzu finden Sie in der Datenschutzerkl\u00e4rung von Instagram:\u00a0http:\/\/instagram.com\/about\/legal\/privacy\/<\/p>\n<p><strong>Datenschutzerkl\u00e4rung f\u00fcr die Nutzung von YouTube<\/strong><\/p>\n<p>Unsere Webseite nutzt m\u00f6glicherweise Plugins der von Google betriebenen Seite YouTube. Betreiber der Seiten ist die\u00a0YouTube, LLC, 901 Cherry Ave., San Bruno, CA 94066, USA. Wenn Sie eine unserer mit einem YouTube-\u00a0Plugin ausgestatteten Seiten besuchen, wird eine Verbindung zu den Servern von YouTube hergestellt.\u00a0Dabei wird dem Youtube-Server mitgeteilt, welche unserer Seiten Sie besucht haben.\u00a0Wenn Sie in Ihrem YouTube-Account eingeloggt sind erm\u00f6glichen Sie YouTube, Ihr Surfverhalten direkt\u00a0Ihrem pers\u00f6nlichen Profil zuzuordnen. Dies k\u00f6nnen Sie verhindern, indem Sie sich aus Ihrem YouTube-\u00a0Account ausloggen.\u00a0Weitere Informationen zum Umgang von Nutzerdaten finden Sie in der Datenschutzerkl\u00e4rung von\u00a0YouTube unter: https:\/\/www.google.de\/intl\/de\/policies\/privacy<\/p>\n<p><strong>SSL-Verschl\u00fcsselung<\/strong><\/p>\n<p>Diese Seite nutzt aus Gr\u00fcnden der Sicherheit und zum Schutz der \u00dcbertragung vertraulicher Inhalte, wie\u00a0zum Beispiel der Anfragen, die Sie an uns als Seitenbetreiber senden, eine SSL-Verschl\u00fcsselung. Eine\u00a0verschl\u00fcsselte Verbindung erkennen Sie daran, dass die Adresszeile des Browsers von &#8222;http:\/\/&#8220; auf\u00a0&#8222;https:\/\/&#8220; wechselt und an dem Schloss-Symbol in Ihrer Browserzeile.\u00a0Wenn die SSL Verschl\u00fcsselung aktiviert ist, k\u00f6nnen die Daten, die Sie an uns \u00fcbermitteln, nicht von\u00a0Dritten mitgelesen werden.<\/p>\n<p><strong>Auskunft, L\u00f6schung, Sperrung<\/strong><\/p>\n<p>Sie haben jederzeit das Recht auf unentgeltliche Auskunft \u00fcber Ihre gespeicherten personenbezogenen\u00a0Daten, deren Herkunft und Empf\u00e4nger und den Zweck der Datenverarbeitung sowie ein Recht auf\u00a0Berichtigung, Sperrung oder L\u00f6schung dieser Daten. Hierzu sowie zu weiteren Fragen zum Thema\u00a0personenbezogene Daten k\u00f6nnen Sie sich jederzeit unter der im Impressum angegebenen Adresse an\u00a0uns wenden.<\/p>\n<p><strong>Widerspruch Werbe-Mails<\/strong><\/p>\n<p>Der Nutzung von im Rahmen der Impressumspflicht ver\u00f6ffentlichten Kontaktdaten zur \u00dcbersendung von\u00a0nicht ausdr\u00fccklich angeforderter Werbung und Informationsmaterialien wird hiermit widersprochen. Die\u00a0Betreiber der Seiten behalten sich ausdr\u00fccklich rechtliche Schritte im Falle der unverlangten Zusendung\u00a0von Werbeinformationen, etwa durch Spam-E-Mails, vor.<\/p>\n<p>Quelle: e-recht24.de<\/p>\n","protected":false},"excerpt":{"rendered":"<p>Datenschutzerkl\u00e4rung Datenschutz Die Betreiber dieser Seiten nehmen den Schutz Ihrer pers\u00f6nlichen Daten sehr ernst. Wir behandeln Ihre\u00a0personenbezogenen Daten vertraulich und entsprechend der gesetzlichen Datenschutzvorschriften sowie\u00a0dieser Datenschutzerkl\u00e4rung.\u00a0Die Nutzung unserer Webseite ist in der Regel ohne Angabe personenbezogener Daten m\u00f6glich. Soweit\u00a0auf unseren Seiten personenbezogene Daten (beispielsweise Name, Anschrift oder E-Mail-Adressen)\u00a0erhoben werden, erfolgt dies, soweit m\u00f6glich, stets auf &hellip; <a href=\"https:\/\/www.carr.de\/de\/privacy-policy\/\" class=\"more-link\"><span class=\"screen-reader-text\">\u201eDatenschutzerkl\u00e4rung\u201c<\/span> weiterlesen<\/a><\/p>\n","protected":false},"author":1,"featured_media":0,"parent":0,"menu_order":0,"comment_status":"closed","ping_status":"closed","template":"","meta":{"footnotes":""},"_links":{"self":[{"href":"https:\/\/www.carr.de\/de\/wp-json\/wp\/v2\/pages\/6786"}],"collection":[{"href":"https:\/\/www.carr.de\/de\/wp-json\/wp\/v2\/pages"}],"about":[{"href":"https:\/\/www.carr.de\/de\/wp-json\/wp\/v2\/types\/page"}],"author":[{"embeddable":true,"href":"https:\/\/www.carr.de\/de\/wp-json\/wp\/v2\/users\/1"}],"replies":[{"embeddable":true,"href":"https:\/\/www.carr.de\/de\/wp-json\/wp\/v2\/comments?post=6786"}],"version-history":[{"count":5,"href":"https:\/\/www.carr.de\/de\/wp-json\/wp\/v2\/pages\/6786\/revisions"}],"predecessor-version":[{"id":7509,"href":"https:\/\/www.carr.de\/de\/wp-json\/wp\/v2\/pages\/6786\/revisions\/7509"}],"wp:attachment":[{"href":"https:\/\/www.carr.de\/de\/wp-json\/wp\/v2\/media?parent=6786"}],"curies":[{"name":"wp","href":"https:\/\/api.w.org\/{rel}","templated":true}]}}