{"id":6689,"date":"2018-07-13T07:21:20","date_gmt":"2018-07-13T07:21:20","guid":{"rendered":"http:\/\/www.carr.de\/wp-TCarr\/?page_id=6689"},"modified":"2024-04-01T16:17:14","modified_gmt":"2024-04-01T16:17:14","slug":"legal-notice","status":"publish","type":"page","link":"https:\/\/www.carr.de\/de\/legal-notice\/","title":{"rendered":"Impressum"},"content":{"rendered":"<p><strong>Impressum<\/strong><\/p>\n<p><strong>Terence Carr<br \/>\n<\/strong>Zirbelstra\u00dfe 57C<br \/>\n86154 Augsburg<br \/>\nTel. +49 (0)172 901 23 04<br \/>\nE-Mail: terence@carr.de<\/p>\n<p><strong>Haftungshinweis<\/strong>:<br \/>\nTrotz sorgf\u00e4ltiger Kontrolle \u00fcbernimmt der Webmaster (Autor) keine Haftung f\u00fcr Inhalte externer Links. F\u00fcr den Inhalt externer Seiten sind ausschlie\u00dflich deren Betreiber verantwortlich.<\/p>\n<p><strong>Urheberrecht:<\/strong><br \/>\n\u00a9 Copyright 2024 Terence Carr Portr\u00e4tfoto: Piu Mars<br \/>\nAlle Rechte vorbehalten. Alle Texte, Bilder, Graphiken, Video- und Animationsdateien sowie ihre Darstellung unterliegen dem Urheberrecht und anderen Gesetzen zum Schutz geistigen Eigentums. Sie d\u00fcrfen weder f\u00fcr eigene Zwecke noch zur Weitergabe kopiert, ver\u00e4ndert und auf anderen Web-Sites verwendet werden.<\/p>\n<p><strong>Portr\u00e4tfoto:<\/strong> Piu Mars<\/p>\n","protected":false},"excerpt":{"rendered":"<p>Impressum Terence Carr Zirbelstra\u00dfe 57C 86154 Augsburg Tel. +49 (0)172 901 23 04 E-Mail: terence@carr.de Haftungshinweis: Trotz sorgf\u00e4ltiger Kontrolle \u00fcbernimmt der Webmaster (Autor) keine Haftung f\u00fcr Inhalte externer Links. F\u00fcr den Inhalt externer Seiten sind ausschlie\u00dflich deren Betreiber verantwortlich. Urheberrecht: \u00a9 Copyright 2024 Terence Carr Portr\u00e4tfoto: Piu Mars Alle Rechte vorbehalten. Alle Texte, Bilder, Graphiken, &hellip; <a href=\"https:\/\/www.carr.de\/de\/legal-notice\/\" class=\"more-link\"><span class=\"screen-reader-text\">\u201eImpressum\u201c<\/span> weiterlesen<\/a><\/p>\n","protected":false},"author":1,"featured_media":0,"parent":0,"menu_order":0,"comment_status":"closed","ping_status":"closed","template":"","meta":{"footnotes":""},"_links":{"self":[{"href":"https:\/\/www.carr.de\/de\/wp-json\/wp\/v2\/pages\/6689"}],"collection":[{"href":"https:\/\/www.carr.de\/de\/wp-json\/wp\/v2\/pages"}],"about":[{"href":"https:\/\/www.carr.de\/de\/wp-json\/wp\/v2\/types\/page"}],"author":[{"embeddable":true,"href":"https:\/\/www.carr.de\/de\/wp-json\/wp\/v2\/users\/1"}],"replies":[{"embeddable":true,"href":"https:\/\/www.carr.de\/de\/wp-json\/wp\/v2\/comments?post=6689"}],"version-history":[{"count":18,"href":"https:\/\/www.carr.de\/de\/wp-json\/wp\/v2\/pages\/6689\/revisions"}],"predecessor-version":[{"id":7946,"href":"https:\/\/www.carr.de\/de\/wp-json\/wp\/v2\/pages\/6689\/revisions\/7946"}],"wp:attachment":[{"href":"https:\/\/www.carr.de\/de\/wp-json\/wp\/v2\/media?parent=6689"}],"curies":[{"name":"wp","href":"https:\/\/api.w.org\/{rel}","templated":true}]}}