{"id":6208,"date":"2017-08-29T14:08:41","date_gmt":"2017-08-29T14:08:41","guid":{"rendered":"http:\/\/blaze.edge-themes.com\/?page_id=484"},"modified":"2023-11-05T23:26:03","modified_gmt":"2023-11-05T23:26:03","slug":"about-me","status":"publish","type":"page","link":"https:\/\/www.carr.de\/de\/about-me\/","title":{"rendered":"\u00dcber mich"},"content":{"rendered":"<p>[vc_row][vc_column width=&#8220;1\/2&#8243;][vc_column_text]<\/p>\n<ul>\n<li><span lang=\"EN-US\"><span class=\"alt-translated-text\"><span class=\"\" title=\"Klicke auf ein Wort, um alternative \u00dcbersetzungen zu sehen, oder doppelklicke, um es direkt zu bearbeiten.\">Terence Carr ist in Kenia geboren und aufgewachsen<\/span><\/span><\/span><\/li>\n<li><span lang=\"EN-US\"><span class=\"alt-translated-text\"><span class=\"\" title=\"Klicke auf ein Wort, um alternative \u00dcbersetzungen zu sehen, oder doppelklicke, um es direkt zu bearbeiten.\">Besuchte die Royal Military Academy Sandhurst<\/span><\/span><\/span><\/li>\n<li><span lang=\"EN-US\"><span class=\"alt-translated-text\"><span class=\"\" title=\"Klicke auf ein Wort, um alternative \u00dcbersetzungen zu sehen, oder doppelklicke, um es direkt zu bearbeiten.\">Danach diente er als Offizier in der britischen Armee, bis er diese verlie\u00df, um an der Universit\u00e4t Augsburg zu studieren<\/span><\/span><\/span><\/li>\n<li><span lang=\"EN-US\"><span class=\"alt-translated-text\"><span class=\"\" title=\"Klicke auf ein Wort, um alternative \u00dcbersetzungen zu sehen, oder doppelklicke, um es direkt zu bearbeiten.\">Nach seinem Studium machte er sich als K\u00fcnstler selbst\u00e4ndig<\/span><\/span><\/span><\/li>\n<li><span lang=\"EN-US\"><span class=\"alt-translated-text\"><span class=\"\" title=\"Klicke auf ein Wort, um alternative \u00dcbersetzungen zu sehen, oder doppelklicke, um es direkt zu bearbeiten.\">Sein Studio ist in G\u00fcnzburg, S\u00fcddeutschland<\/span><\/span><\/span><\/li>\n<li><span lang=\"EN-US\">Mitglied der M\u00fcnchener Secession<\/span><\/li>\n<li><span lang=\"EN-US\">2013-2016<span class=\"alt-translated-text\"><span class=\"\" title=\"Klicke auf ein Wort, um alternative \u00dcbersetzungen zu sehen, oder doppelklicke, um es direkt zu bearbeiten.\"> leitete und kuratierte er mit Verena Schneider die Galerie Venet-Haus in Neu-Ulm<\/span><\/span><\/span><\/li>\n<\/ul>\n<p>[\/vc_column_text][\/vc_column][vc_column width=&#8220;1\/2&#8243;][rev_slider_vc alias=&#8220;about_slider&#8220;][\/vc_column][\/vc_row][vc_row][vc_column][vc_empty_space][vc_column_text]<strong>\u201c<\/strong>Terence Carr always seeks the shortest route to form and expression. The remaining traces of the chain saw blade on the finished sculptures bear witness to this. The surface of the sculptures literally becomes the interface between material and artistic work. However, the work of Terence Carr &#8211; and this may surprise in this way of working &#8211; is almost always a very filigree and detailed ensemble of various elements, objects and figures, which are finally painted very elaborately. Terence Carr gives the individual figurative elements of his sculptures a clear, often intense colourfulness, which is supplemented if necessary by drawing details.<\/p>\n<p>Carr walks borders. Easily and without hesitation, he transcends boundaries between figuration and abstraction, between sculpture and painting, and also the boundaries between the different styles and cultures that inspire his work, and which in turn are transformed by this work.<\/p>\n<p>Over the years, Terence Carr has developed his sculptural work into a highly personal repertoire of forms and figures, which as a staff and inventory of his &#8222;great world theater&#8220; can be combined again and again to create new sculptural &#8222;pieces&#8220; that can be expanded if necessary.<strong>\u201d<\/strong><\/p>\n<p>\u2013 Tillmann\u00a0 Damrau<\/p>\n<ul>\n<li><strong>1993\u00a0<\/strong>Swabian Art Award Kreissparkasse Bank Augsburg<\/li>\n<li><strong>1999<\/strong> <span lang=\"EN-US\">Johann-Georg Fischer Art Award, City of Marktoberdorf<\/span><\/li>\n<li><strong>2001<\/strong> <span lang=\"EN-US\">Swabian Art Award\u00a0District Schwaben<\/span><\/li>\n<li><strong>2007<\/strong>\u00a0<span lang=\"EN-US\">Art Award City of Donauw\u00f6rth<\/span><\/li>\n<li><strong>2014<\/strong> Art Award the Ecke Art Society<\/li>\n<\/ul>\n<p><strong>Art Fairs<\/strong><\/p>\n<ul>\n<li><strong>2013, 2014<\/strong> Art Karlsruhe with Lea Gallery Munich and a one artist show<\/li>\n<li><strong>2015<\/strong> Art Fair K\u00f6ln with Anna 25 Berlin<\/li>\n<li><strong>2015, 2016<\/strong> Art Karlsruhe with CAC Gallery Wiesbaden\u00a0and Lea Gallery Munich<\/li>\n<li><strong>2018<\/strong> Art Karlsruhe\u00a0 with ArtBox Berlin and Art Gallery 7 Cologne<\/li>\n<li><strong>2018<\/strong> Art Bodensee with Gallery Z Stuttgart<\/li>\n<li>Art Bodensee Galerie Fetzer<\/li>\n<li>Art Innsbruck Galerie Lindbeck<\/li>\n<\/ul>\n<p><strong>Solo Exhibitions Selection<\/strong><\/p>\n<ul>\n<li>GALERIE Z Stuttgart<\/li>\n<li>S\u00fcd-West Bank Stuttgart<\/li>\n<li>Anna 25 Berlin<\/li>\n<li>Cac galerie, Wiesbaden<\/li>\n<li>Venet-Haus Gallery, Neu-Ulm<\/li>\n<li>Galerie Klaus Lea M\u00fcnchen<\/li>\n<li>Fischerplatz Galerie Ulm<\/li>\n<li>Kunstverein (Art Society) Bobingen<\/li>\n<li>Kunstverein (Art Society) Schwabach<\/li>\n<li>Kunstverein\u00a0(Art Society) Osterholz<\/li>\n<li>St\u00e4dtische Galerie Radolfzell<\/li>\n<li>Schw\u00e4bisches Volkskundemuseum Obersch\u00f6nenfeld<\/li>\n<li>Architecture Museum Schwaben, Augsburg<\/li>\n<\/ul>\n<p><strong>Group Shows Selection<\/strong><\/p>\n<ul>\n<li><strong>\u00a0<\/strong>Art Galerie 7 Cologne<\/li>\n<li>Galerie Sybille N\u00fctt Dresden<\/li>\n<li>Gro\u00dfe Kunstausstellung Haus der Kunst M\u00fcnchen<\/li>\n<li>Galerie Arthus Zell am Hammersbach<\/li>\n<li>CAC Galerie\u00a0Wiesbaden<\/li>\n<li>Galerie Noah Augsburg<\/li>\n<li>Galerie Fetzer Sontheim<\/li>\n<li>Lurie Gallery LA<\/li>\n<li>Sculpt Miami<\/li>\n<li>Kavachnina Gallery Miami<\/li>\n<li>Ecke Galerie Augsburg<\/li>\n<li>Hart gallery Palm Desert<\/li>\n<\/ul>\n<p><strong>Public Collections<\/strong><\/p>\n<ul>\n<li><span lang=\"EN-US\">Bavarian State Collection<\/span><\/li>\n<li><span lang=\"EN-US\">W\u00fcrth Collection, K\u00fcnzelsau <\/span><\/li>\n<li><span lang=\"EN-US\">Architecture Museum Schwaben, Augsburg<\/span><\/li>\n<li>Deutsche Bank<\/li>\n<li>Werner Schneider Collection Neu-Ulm<\/li>\n<li><span lang=\"EN-US\">Walter Museum Augsburg<\/span><\/li>\n<li><span lang=\"EN-US\">Regional Council T\u00fcbingen <\/span><\/li>\n<li><span lang=\"EN-US\">Municipal Art Collection Augsburg<\/span><\/li>\n<li>Government of Swabia<\/li>\n<li>Staatliches Hochbauamt Schwaben<\/li>\n<li><span lang=\"EN-US\">Art Collection Marktoberdorf <\/span><\/li>\n<li><span lang=\"EN-US\">Art Collection Wertingen <\/span><\/li>\n<li>Siemens Nixdorf<\/li>\n<\/ul>\n<p><strong>Publications<\/strong><\/p>\n<p>[vc_single_image image=&#8220;7237&#8243;]<\/p>\n<p><strong>Authors \u00a0\u00a0<\/strong>Terence Carr, Dr. Thomas Elsen<br \/>\n<strong>Title \u00a0\u00a0<\/strong>Die Geister, die mich riefen: Arbeiten 1996-1998<br \/>\n<strong>ISBN \u00a0\u00a0<\/strong>3928691260 (ISBN-13: 9783928691260)<br \/>\n<strong>Publisher \u00a0\u00a0<\/strong>Stoll und Stoll\u00a0 1998<br \/>\n<strong>Language \u00a0\u00a0<\/strong>German<\/p>\n<p>[vc_single_image image=&#8220;7370&#8243;]<\/p>\n<p><strong>Authors \u00a0\u00a0<\/strong>Terence Carr, Dr. Barbara Wolf,<br \/>\nDr. Hanns\u2013Joachim Schietsch, Werner Schneider<br \/>\n<strong>Title \u00a0\u00a0<\/strong>Vom Krieger zum K\u00fcnstler<br \/>\n<strong>ASIN \u00a0\u00a0<\/strong>B00EXW8UAI<br \/>\n<strong>Publisher \u00a0\u00a0<\/strong>Augsburg\u00a0 2003<br \/>\n<strong>Language \u00a0\u00a0<\/strong>German<\/p>\n<p>[vc_single_image image=&#8220;7235&#8243;]<\/p>\n<p><strong>Authors \u00a0\u00a0<\/strong><span lang=\"EN-US\">Terence Carr, Dr. Barbara Wolf, Dr. Hanns\u2013Joachim Schietsch<br \/>\n<\/span><strong>Title \u00a0\u00a0<\/strong><span lang=\"EN-US\">Borderlines<br \/>\n<\/span><strong>ASIN \u00a0\u00a0<\/strong>B00EECQ6IA<br \/>\n<strong>Publisher \u00a0\u00a0<\/strong>Edition Kittelberger 2012<br \/>\n<strong>Language \u00a0\u00a0<\/strong>English + German[\/vc_column_text][\/vc_column][\/vc_row]<\/p>","protected":false},"excerpt":{"rendered":"<p>[vc_row][vc_column width=&#8220;1\/2&#8243;][vc_column_text] Terence Carr ist in Kenia geboren und aufgewachsen Besuchte die Royal Military Academy Sandhurst Danach diente er als Offizier in der britischen Armee, bis er diese verlie\u00df, um an der Universit\u00e4t Augsburg zu studieren Nach seinem Studium machte er sich als K\u00fcnstler selbst\u00e4ndig Sein Studio ist in G\u00fcnzburg, S\u00fcddeutschland Mitglied der M\u00fcnchener Secession &hellip; <a href=\"https:\/\/www.carr.de\/de\/about-me\/\" class=\"more-link\"><span class=\"screen-reader-text\">\u201e\u00dcber mich\u201c<\/span> weiterlesen<\/a><\/p>\n","protected":false},"author":1,"featured_media":0,"parent":0,"menu_order":0,"comment_status":"closed","ping_status":"closed","template":"","meta":{"footnotes":""},"_links":{"self":[{"href":"https:\/\/www.carr.de\/de\/wp-json\/wp\/v2\/pages\/6208"}],"collection":[{"href":"https:\/\/www.carr.de\/de\/wp-json\/wp\/v2\/pages"}],"about":[{"href":"https:\/\/www.carr.de\/de\/wp-json\/wp\/v2\/types\/page"}],"author":[{"embeddable":true,"href":"https:\/\/www.carr.de\/de\/wp-json\/wp\/v2\/users\/1"}],"replies":[{"embeddable":true,"href":"https:\/\/www.carr.de\/de\/wp-json\/wp\/v2\/comments?post=6208"}],"version-history":[{"count":81,"href":"https:\/\/www.carr.de\/de\/wp-json\/wp\/v2\/pages\/6208\/revisions"}],"predecessor-version":[{"id":7907,"href":"https:\/\/www.carr.de\/de\/wp-json\/wp\/v2\/pages\/6208\/revisions\/7907"}],"wp:attachment":[{"href":"https:\/\/www.carr.de\/de\/wp-json\/wp\/v2\/media?parent=6208"}],"curies":[{"name":"wp","href":"https:\/\/api.w.org\/{rel}","templated":true}]}}